
{"id":192,"date":"2021-06-17T12:03:22","date_gmt":"2021-06-17T10:03:22","guid":{"rendered":"https:\/\/przedszkole35.edu.wroclaw.pl\/?page_id=192"},"modified":"2026-04-12T18:28:06","modified_gmt":"2026-04-12T16:28:06","slug":"jadlospis","status":"publish","type":"page","link":"https:\/\/przedszkole35.edu.wroclaw.pl\/index.php\/jadlospis\/","title":{"rendered":"Jad\u0142ospis"},"content":{"rendered":"<div class=\"wpb-content-wrapper\"><p>[vc_row css_animation=&#8221;zoomIn&#8221;][vc_column][vc_column_text]<\/p>\n<h2 style=\"text-align: center\">UWAGA! Produkty lub potrawy, kt\u00f3re zawieraj\u0105 alergeny s\u0105 oznaczone *gwiazdk\u0105. W nawiasie zamienniki dla dzieci z alergi\u0105 bia\u0142kow\u0105<\/h2>\n<p>[\/vc_column_text][\/vc_column][\/vc_row][vc_row css_animation=&#8221;none&#8221;][vc_column width=&#8221;1\/5&#8243;][vc_tta_tabs style=&#8221;flat&#8221; color=&#8221;orange&#8221; gap=&#8221;5&#8243; active_section=&#8221;1&#8243; css_animation=&#8221;none&#8221;][vc_tta_section tab_id=&#8221;1620819976099-e2669216-f6fa&#8221; title=&#8221;PONIEDZIA\u0141EK&#8221;][\/vc_tta_section][\/vc_tta_tabs][vc_column_text css=&#8221;&#8221;]<\/p>\n<h4 style=\"text-align: center\">13.04.2026<\/h4>\n<h4>PONIEDZIA\u0141EK<\/h4>\n<h4>\u015aNIADANIE<\/h4>\n<ul>\n<li>*pieczywo kukurydziane, wieloziarniste, orkiszowe 30g<\/li>\n<li>*mas\u0142o 4g<\/li>\n<li>*pasta z tu\u0144czyka 20g (jajko, og\u00f3rek kiszony, papryka)<\/li>\n<li>przek\u0105ska z jab\u0142ka 50g<\/li>\n<li>*p\u0142atki owsiane na mleku 250ml<\/li>\n<li>*herbata z cytryn\u0105 250ml<\/li>\n<\/ul>\n<hr \/>\n<h4>ZUPA I PRZEK\u0104SKA<\/h4>\n<ul>\n<li>*zupa kapu\u015bniak z ziemniakami 250ml (bez zabielania)<\/li>\n<li>*bu\u0142ka weka 30g<\/li>\n<li>*kasza manna na g\u0119sto z musem owocowym 150ml<\/li>\n<li>gruszka 40g<\/li>\n<li>herbata owocowa 250ml<\/li>\n<\/ul>\n<hr \/>\n<h4>OBIAD II DANIE<\/h4>\n<ul>\n<li>*pulpety w sosie koperkowym 70g\/50ml<\/li>\n<li>kasza gryczana 130g<\/li>\n<li>sur\u00f3wka (sa\u0142ata lodowa, marchewka, papryka, kukurydza, natka pietruszki)<\/li>\n<li>kompot wieloowocowy 250ml<\/li>\n<\/ul>\n<p>&nbsp;<\/p>\n<hr \/>\n<p>[\/vc_column_text][\/vc_column][vc_column width=&#8221;1\/5&#8243;][vc_tta_tabs style=&#8221;flat&#8221; color=&#8221;green&#8221; gap=&#8221;5&#8243; active_section=&#8221;1&#8243;][vc_tta_section title=&#8221;WTOREK&#8221; tab_id=&#8221;1620820362405-6c1f6f08-c487&#8243;][\/vc_tta_section][\/vc_tta_tabs][vc_column_text css=&#8221;&#8221;]<\/p>\n<h4 style=\"text-align: center\">14.04.2026<\/h4>\n<h4>\u015aNIADANIE<\/h4>\n<ul>\n<li>*pieczywo kukurydziane, wieloziarniste, orkiszowe 30g<\/li>\n<li>*mas\u0142o 4g<\/li>\n<li>szynka konserwowa 20g<\/li>\n<li>pomidor 15g<\/li>\n<li>sa\u0142ata<\/li>\n<li>przek\u0105ska z pestki s\u0142onecznika 30g<\/li>\n<li>*p\u0142atki ry\u017cowe na mleku 250ml<\/li>\n<li>*herbata z cytryn\u0105 250ml<\/li>\n<\/ul>\n<hr \/>\n<h4>ZUPA I PRZEK\u0104SKA<\/h4>\n<ul>\n<li>*zupa pieczarkowa z makaronem 250ml (bez zabielania)<\/li>\n<li>*bu\u0142ka ma\u015blana 30g<\/li>\n<li>*mas\u0142o 4g<\/li>\n<li>melon 50g<\/li>\n<li>herbata owocowa 250ml<\/li>\n<\/ul>\n<hr \/>\n<h4>OBIAD II DANIE<\/h4>\n<ul>\n<li>*zapiekanka ziemniaczano-mi\u0119sna 180g (ziemniak, jajko, og\u00f3rek kiszony, kie\u0142basa \u015bl\u0105ska, ser \u017c\u00f3\u0142ty, koncentrat pomidorowy, szczypiorek)<\/li>\n<li>*kefir<\/li>\n<\/ul>\n<hr \/>\n<p>[\/vc_column_text][\/vc_column][vc_column width=&#8221;1\/5&#8243;][vc_tta_tabs style=&#8221;flat&#8221; color=&#8221;turquoise&#8221; gap=&#8221;5&#8243; active_section=&#8221;1&#8243;][vc_tta_section title=&#8221;\u015aRODA&#8221; tab_id=&#8221;1620820366060-901c3452-3829&#8243;][\/vc_tta_section][\/vc_tta_tabs][vc_column_text css=&#8221;&#8221;]<\/p>\n<h4 style=\"text-align: center\">15.04.2026<\/h4>\n<h4>\u015aNIADANIE<\/h4>\n<ul>\n<li>*pieczywo kukurydziane, wieloziarniste, orkiszowe 30g<\/li>\n<li>*mas\u0142o 4g<\/li>\n<li>par\u00f3wka z szynki 1szt<\/li>\n<li>przek\u0105ska z jab\u0142ka 50g<\/li>\n<li>*kasza manna na mleku 250ml<\/li>\n<li>*herbata z cytryn\u0105 250ml<\/li>\n<\/ul>\n<hr \/>\n<h4>ZUPA I PRZEK\u0104SKA<\/h4>\n<ul>\n<li>*barszcz czerwony z natk\u0105 pietruszki 250ml (bez zabielania)<\/li>\n<li>*bu\u0142ka weka 30g<\/li>\n<li>*mas\u0142o 4g<\/li>\n<li>kabanos drobiowy<\/li>\n<li>mandarynka 40g<\/li>\n<li>herbata owocowa 250ml<\/li>\n<\/ul>\n<hr \/>\n<h4>OBIAD II DANIE<\/h4>\n<ul>\n<li>ry\u017c zapiekany z jab\u0142kiem 180g<\/li>\n<li>*polewa waniliowa<\/li>\n<li>kompot wieloowocowy 250ml<\/li>\n<\/ul>\n<hr \/>\n<p>[\/vc_column_text][\/vc_column][vc_column width=&#8221;1\/5&#8243;][vc_tta_tabs style=&#8221;flat&#8221; color=&#8221;juicy-pink&#8221; gap=&#8221;5&#8243; active_section=&#8221;1&#8243;][vc_tta_section title=&#8221;CZWARTEK&#8221; tab_id=&#8221;1620820372051-77fc86fa-5de9&#8243;][\/vc_tta_section][\/vc_tta_tabs][vc_column_text css=&#8221;&#8221;]<\/p>\n<h4 style=\"text-align: center\">16.04.2026<\/h4>\n<h4>\u015aNIADANIE<\/h4>\n<ul>\n<li>*pieczywo kukurydziane, wieloziarniste, orkiszowe 30g<\/li>\n<li>*mas\u0142o 4g<\/li>\n<li>*twaro\u017cek ze szczypiorkiem i og\u00f3rkiem (szynka)<\/li>\n<li>przek\u0105ska z kalarepy i marchewki 50g<\/li>\n<li>*kawa na mleku 250ml<\/li>\n<li>*herbata z cytryn\u0105 250ml<\/li>\n<\/ul>\n<hr \/>\n<h4>ZUPA I PRZEK\u0104SKA<\/h4>\n<ul>\n<li>*krem kalafiorowy z pra\u017con\u0105 pestk\u0105 dyni 250ml (bez zabielania)<\/li>\n<li>*jogurt owocowy 150g<\/li>\n<li>chrupek kukurydziany 10g<\/li>\n<\/ul>\n<hr \/>\n<h4>OBIAD II DANIE<\/h4>\n<ul>\n<li>*filet z kurczaka 70g<\/li>\n<li>ziemniaki 130g<\/li>\n<li>sur\u00f3wka 60g (sa\u0142ata z og\u00f3rkiem i koperkiem, jogurt)<\/li>\n<li>kompot jab\u0142kowy 250ml<\/li>\n<\/ul>\n<hr \/>\n<p>[\/vc_column_text][\/vc_column][vc_column width=&#8221;1\/5&#8243;][vc_tta_tabs style=&#8221;flat&#8221; color=&#8221;violet&#8221; gap=&#8221;5&#8243; active_section=&#8221;1&#8243;][vc_tta_section title=&#8221;PI\u0104TEK&#8221; tab_id=&#8221;1620820375684-b69cac07-f777&#8243;][\/vc_tta_section][\/vc_tta_tabs][vc_column_text css=&#8221;&#8221;]<\/p>\n<h4 style=\"text-align: center\">17.04.2026<\/h4>\n<h4>\u015aNIADANIE<\/h4>\n<h4>TALERZ PRZEDSZKOLAKA<\/h4>\n<ul>\n<li>*pieczywo kukurydziane, wieloziarniste, orkiszowe 60g<\/li>\n<li>*mas\u0142o 8g<\/li>\n<li>pol\u0119dwica z indyka 20g<\/li>\n<li>*ser \u017c\u00f3\u0142ty 20g<\/li>\n<li>og\u00f3rek 15g<\/li>\n<li>szczypiorek<\/li>\n<li>papryka 15g<\/li>\n<li>rzodkiewka 15g<\/li>\n<li>d\u017cem owocowy 20g<\/li>\n<li>*p\u0142atki kukurdziane na mleku 250ml<\/li>\n<li>*herbata z cytryn\u0105 250ml<\/li>\n<\/ul>\n<hr \/>\n<h4>ZUPA I PRZEK\u0104SKA<\/h4>\n<ul>\n<li>*zupa broku\u0142owa z ziemniakami 250ml (bez zabielania)<\/li>\n<li>banan 60g<\/li>\n<li>wafel ry\u017cowy 1szt<\/li>\n<li>herbata owocowa 250ml<\/li>\n<\/ul>\n<hr \/>\n<h4>OBIAD II DANIE<\/h4>\n<ul>\n<li>*miruna 70g<\/li>\n<li>ziemniaki 130g<\/li>\n<li>sur\u00f3wka 60g (kiszona kapusty, marchewka, papryka i natka pietruszki)<\/li>\n<li>kompot owocowy 250ml<\/li>\n<\/ul>\n<hr \/>\n<p>[\/vc_column_text][\/vc_column][\/vc_row]<\/p>\n<\/div>","protected":false},"excerpt":{"rendered":"<p>[vc_row css_animation=&#8221;zoomIn&#8221;][vc_column][vc_column_text] UWAGA! Produkty lub potrawy, kt\u00f3re zawieraj\u0105 alergeny s\u0105 oznaczone *gwiazdk\u0105. W nawiasie zamienniki dla dzieci z alergi\u0105 bia\u0142kow\u0105 [\/vc_column_text][\/vc_column][\/vc_row][vc_row css_animation=&#8221;none&#8221;][vc_column width=&#8221;1\/5&#8243;][vc_tta_tabs style=&#8221;flat&#8221; color=&#8221;orange&#8221; gap=&#8221;5&#8243; active_section=&#8221;1&#8243; css_animation=&#8221;none&#8221;][vc_tta_section tab_id=&#8221;1620819976099-e2669216-f6fa&#8221; title=&#8221;PONIEDZIA\u0141EK&#8221;][\/vc_tta_section][\/vc_tta_tabs][vc_column_text [&hellip;]<\/p>\n","protected":false},"author":7,"featured_media":0,"parent":0,"menu_order":0,"comment_status":"closed","ping_status":"closed","template":"","meta":{"footnotes":""},"class_list":["post-192","page","type-page","status-publish","hentry","clearfix"],"_links":{"self":[{"href":"https:\/\/przedszkole35.edu.wroclaw.pl\/index.php\/wp-json\/wp\/v2\/pages\/192","targetHints":{"allow":["GET"]}}],"collection":[{"href":"https:\/\/przedszkole35.edu.wroclaw.pl\/index.php\/wp-json\/wp\/v2\/pages"}],"about":[{"href":"https:\/\/przedszkole35.edu.wroclaw.pl\/index.php\/wp-json\/wp\/v2\/types\/page"}],"author":[{"embeddable":true,"href":"https:\/\/przedszkole35.edu.wroclaw.pl\/index.php\/wp-json\/wp\/v2\/users\/7"}],"replies":[{"embeddable":true,"href":"https:\/\/przedszkole35.edu.wroclaw.pl\/index.php\/wp-json\/wp\/v2\/comments?post=192"}],"version-history":[{"count":359,"href":"https:\/\/przedszkole35.edu.wroclaw.pl\/index.php\/wp-json\/wp\/v2\/pages\/192\/revisions"}],"predecessor-version":[{"id":30598,"href":"https:\/\/przedszkole35.edu.wroclaw.pl\/index.php\/wp-json\/wp\/v2\/pages\/192\/revisions\/30598"}],"wp:attachment":[{"href":"https:\/\/przedszkole35.edu.wroclaw.pl\/index.php\/wp-json\/wp\/v2\/media?parent=192"}],"curies":[{"name":"wp","href":"https:\/\/api.w.org\/{rel}","templated":true}]}}