
{"id":207,"date":"2021-06-22T11:10:14","date_gmt":"2021-06-22T09:10:14","guid":{"rendered":"https:\/\/przedszkole35.edu.wroclaw.pl\/?page_id=207"},"modified":"2021-07-21T14:56:28","modified_gmt":"2021-07-21T12:56:28","slug":"rada-rodzicow","status":"publish","type":"page","link":"https:\/\/przedszkole35.edu.wroclaw.pl\/index.php\/dla-rodzicow\/rada-rodzicow\/","title":{"rendered":"Rada rodzic\u00f3w"},"content":{"rendered":"<div class=\"wpb-content-wrapper\"><p>[vc_row][vc_column][vc_column_text]<\/p>\n<ol>\n<li>Rada Rodzic\u00f3w jest reprezentacj\u0105 rodzic\u00f3w dzieci ucz\u0119szczaj\u0105cych do przedszkola, opiniuj\u0105c\u0105 i wspieraj\u0105c\u0105 dzia\u0142alno\u015b\u0107 statutow\u0105 przedszkola, zgodnie z regulaminem Rady Rodzic\u00f3w.<\/li>\n<li>W sk\u0142ad Rady Rodzic\u00f3w wchodzi 24 cz\u0142onk\u00f3w (po dw\u00f3ch przedstawicieli z ka\u017cdego oddzia\u0142u, wybranych przez zebranie rodzic\u00f3w wychowank\u00f3w danego oddzia\u0142u w tajnych wyborach).<\/li>\n<li>Rada Rodzic\u00f3w mo\u017ce wyst\u0119powa\u0107 do Rady Pedagogicznej lub dyrektora z wnioskiem i opiniami dotycz\u0105cymi wszystkich spraw plac\u00f3wki.<\/li>\n<li>Rada Rodzic\u00f3w ustala sw\u00f3j regulamin, kt\u00f3ry okre\u015bla kompetencje, zasady funkcjonowania i zasady wsp\u00f3\u0142pracy z organami przedszkola.<\/li>\n<li>W celu wspierania statutowej dzia\u0142alno\u015bci przedszkola, Rada Rodzic\u00f3w mo\u017ce gromadzi\u0107 fundusze z dobrowolnych sk\u0142adek rodzic\u00f3w oraz z innych \u017ar\u00f3de\u0142.<\/li>\n<li>Rada Rodzic\u00f3w opiniuje projekt planu finansowego sk\u0142adanego przez dyrektora.<\/li>\n<li>Zebrania Rady s\u0105 protoko\u0142owane. W posiedzeniach Rady Rodzic\u00f3w mo\u017ce bra\u0107 udzia\u0142 z g\u0142osem doradczym dyrektor.<\/li>\n<li>Rodzice maj\u0105 prawo do:<\/li>\n<\/ol>\n<ul>\n<li>przekazywania opinii, wniosk\u00f3w dotycz\u0105cych pracy przedszkola dyrektorowi, organowi sprawuj\u0105cemu nadz\u00f3r pedagogiczny i organowi prowadz\u0105cemu,<\/li>\n<li>wymiany informacji oraz dyskusji na tematy wychowawcze podczas organizowanych w tym celu zebra\u0144 og\u00f3lnych, grupowych, zaj\u0119\u0107 otwartych oraz konsultacji<\/li>\n<li>uzyskiwania rzetelnej informacji o swoim dziecku, opartej na obiektywnej i wszechstronnej obserwacji pedagogicznej.<\/li>\n<\/ul>\n<p>[\/vc_column_text][\/vc_column][\/vc_row]<\/p>\n<\/div>","protected":false},"excerpt":{"rendered":"<p>[vc_row][vc_column][vc_column_text] Rada Rodzic\u00f3w jest reprezentacj\u0105 rodzic\u00f3w dzieci ucz\u0119szczaj\u0105cych do przedszkola, opiniuj\u0105c\u0105 i wspieraj\u0105c\u0105 dzia\u0142alno\u015b\u0107 statutow\u0105 przedszkola, zgodnie z regulaminem Rady Rodzic\u00f3w. W sk\u0142ad Rady Rodzic\u00f3w wchodzi 24 cz\u0142onk\u00f3w (po dw\u00f3ch [&hellip;]<\/p>\n","protected":false},"author":7,"featured_media":0,"parent":199,"menu_order":0,"comment_status":"closed","ping_status":"closed","template":"","meta":{"footnotes":""},"class_list":["post-207","page","type-page","status-publish","hentry","clearfix"],"_links":{"self":[{"href":"https:\/\/przedszkole35.edu.wroclaw.pl\/index.php\/wp-json\/wp\/v2\/pages\/207","targetHints":{"allow":["GET"]}}],"collection":[{"href":"https:\/\/przedszkole35.edu.wroclaw.pl\/index.php\/wp-json\/wp\/v2\/pages"}],"about":[{"href":"https:\/\/przedszkole35.edu.wroclaw.pl\/index.php\/wp-json\/wp\/v2\/types\/page"}],"author":[{"embeddable":true,"href":"https:\/\/przedszkole35.edu.wroclaw.pl\/index.php\/wp-json\/wp\/v2\/users\/7"}],"replies":[{"embeddable":true,"href":"https:\/\/przedszkole35.edu.wroclaw.pl\/index.php\/wp-json\/wp\/v2\/comments?post=207"}],"version-history":[{"count":1,"href":"https:\/\/przedszkole35.edu.wroclaw.pl\/index.php\/wp-json\/wp\/v2\/pages\/207\/revisions"}],"predecessor-version":[{"id":208,"href":"https:\/\/przedszkole35.edu.wroclaw.pl\/index.php\/wp-json\/wp\/v2\/pages\/207\/revisions\/208"}],"up":[{"embeddable":true,"href":"https:\/\/przedszkole35.edu.wroclaw.pl\/index.php\/wp-json\/wp\/v2\/pages\/199"}],"wp:attachment":[{"href":"https:\/\/przedszkole35.edu.wroclaw.pl\/index.php\/wp-json\/wp\/v2\/media?parent=207"}],"curies":[{"name":"wp","href":"https:\/\/api.w.org\/{rel}","templated":true}]}}