
{"id":23,"date":"2021-06-09T10:16:53","date_gmt":"2021-06-09T08:16:53","guid":{"rendered":"https:\/\/przedszkole35.edu.wroclaw.pl\/?page_id=23"},"modified":"2026-01-18T12:36:51","modified_gmt":"2026-01-18T11:36:51","slug":"strona-glowna","status":"publish","type":"page","link":"https:\/\/przedszkole35.edu.wroclaw.pl\/","title":{"rendered":"Strona g\u0142\u00f3wna"},"content":{"rendered":"<div class=\"wpb-content-wrapper\"><p>[vc_row css_animation=&#8221;zoomIn&#8221;][vc_column width=&#8221;1\/5&#8243;][vc_icon icon_fontawesome=&#8221;fas fa-users&#8221; color=&#8221;custom&#8221; background_style=&#8221;rounded-outline&#8221; background_color=&#8221;custom&#8221; size=&#8221;xl&#8221; align=&#8221;center&#8221; css=&#8221;&#8221; custom_color=&#8221;#1c8000&#8243; custom_background_color=&#8221;#1c8000&#8243; link=&#8221;url:%2Findex.php%2Fnasza-misja%2F|title:Nasza%20misja&#8221;][vc_column_text css=&#8221;.vc_custom_1686734286557{margin-top: -40px !important;}&#8221;]<\/p>\n<h2 style=\"text-align: center\"><span style=\"font-size: 20px;color: #1c8000\">Nasza misja<\/span><\/h2>\n<p>[\/vc_column_text][\/vc_column][vc_column width=&#8221;1\/5&#8243;][vc_icon icon_fontawesome=&#8221;fas fa-utensils&#8221; color=&#8221;custom&#8221; background_style=&#8221;rounded-outline&#8221; background_color=&#8221;custom&#8221; size=&#8221;xl&#8221; align=&#8221;center&#8221; custom_color=&#8221;#9f00a8&#8243; custom_background_color=&#8221;#9f00a8&#8243; link=&#8221;url:https%3A%2F%2Fprzedszkole35.edu.wroclaw.pl%2Findex.php%2Fjadlospis%2F|title:Jad%C5%82ospis&#8221;][vc_column_text css=&#8221;.vc_custom_1686734600066{margin-top: -40px !important;}&#8221;]<\/p>\n<h2 style=\"text-align: center\"><span style=\"font-size: 20px;color: #9f00a8\">Jad\u0142ospis<\/span><\/h2>\n<p>[\/vc_column_text][\/vc_column][vc_column width=&#8221;1\/5&#8243;][vc_icon icon_fontawesome=&#8221;fas fa-layer-group&#8221; color=&#8221;custom&#8221; background_style=&#8221;rounded-outline&#8221; background_color=&#8221;custom&#8221; size=&#8221;xl&#8221; align=&#8221;center&#8221; custom_color=&#8221;#d60000&#8243; custom_background_color=&#8221;#d60000&#8243; link=&#8221;url:https%3A%2F%2Fprzedszkole35.edu.wroclaw.pl%2Findex.php%2Fdokumenty%2F|title:RODO|target:_blank&#8221;][vc_column_text css=&#8221;.vc_custom_1701089426759{margin-top: -40px !important;}&#8221;]<\/p>\n<h2 style=\"text-align: center\"><span style=\"font-size: 20px;color: #d60000\">RODO<\/span><\/h2>\n<p>[\/vc_column_text][\/vc_column][vc_column width=&#8221;1\/5&#8243;][vc_icon icon_fontawesome=&#8221;fas fa-user-graduate&#8221; color=&#8221;custom&#8221; background_style=&#8221;rounded-outline&#8221; background_color=&#8221;custom&#8221; size=&#8221;xl&#8221; align=&#8221;center&#8221; custom_color=&#8221;#a54700&#8243; custom_background_color=&#8221;#a54700&#8243; link=&#8221;url:https%3A%2F%2Fwww.wroclaw.pl%2Fdla-mieszkanca%2Frekrutacja-szkoly-i-przedszkola-wroclaw|title:Rekrutacja|target:_blank&#8221;][vc_column_text css=&#8221;.vc_custom_1686740355368{margin-top: -40px !important;}&#8221;]<\/p>\n<h2 style=\"text-align: center\"><span style=\"font-size: 20px;color: #a54700\">Rekrutacja<\/span><\/h2>\n<p>[\/vc_column_text][\/vc_column][vc_column width=&#8221;1\/5&#8243;][vc_icon icon_fontawesome=&#8221;fab fa-facebook-f&#8221; color=&#8221;custom&#8221; background_style=&#8221;rounded-outline&#8221; background_color=&#8221;custom&#8221; size=&#8221;xl&#8221; align=&#8221;center&#8221; custom_color=&#8221;#005d72&#8243; custom_background_color=&#8221;#005d72&#8243; link=&#8221;url:https%3A%2F%2Fwww.facebook.com%2Fpeople%2FPrzedszkole-nr-35-z-oddzia%25C5%2582ami-integracyjnymi-T%25C4%2599czowy-Domek%2F100057475178488%2F|title:Facebook|target:_blank&#8221;][vc_column_text css=&#8221;.vc_custom_1686740410632{margin-top: -40px !important;}&#8221;]<\/p>\n<h2 style=\"text-align: center\"><span style=\"font-size: 20px;color: #005d72\">Facebook<\/span><\/h2>\n<p>[\/vc_column_text][\/vc_column][\/vc_row][vc_row][vc_column width=&#8221;1\/12&#8243;][\/vc_column][vc_column width=&#8221;1\/2&#8243;][vc_wp_text]<\/p>\n<h1 style=\"text-align: center\"><span style=\"font-size: 42pt;color: #1c8000\">O Przedszkolu<\/span><\/h1>\n<p>[\/vc_wp_text][vc_separator color=&#8221;custom&#8221; border_width=&#8221;4&#8243; el_width=&#8221;50&#8243; css=&#8221;.vc_custom_1623920505090{margin-top: -30px !important;}&#8221; accent_color=&#8221;#1c8000&#8243;][vc_wp_text]<span style=\"font-family: 'book antiqua', palatino;font-size: 20px\">Przedszkole nr 35 z oddzia\u0142ami integracyjnymi \u201eT\u0119czowy Domek\u201d we Wroc\u0142awiu istnieje od 1957 roku. Zlokalizowane jest na Przedmie\u015bciu O\u0142awskim.<\/span><\/p>\n<p><span style=\"font-family: 'book antiqua', palatino;font-size: 20px\">Nasze przedszkole mie\u015bci si\u0119 w dw\u00f3ch budynkach: Ma\u0142y Domek, usytuowany przy ul. Pu\u0142askiego 20a oraz Du\u017cy Domek przy ul. Komuny Paryskiej 44,46. Obok nich znajduj\u0105 si\u0119 odpowiednio wyposa\u017cone place zabaw.<\/span><\/p>\n<p><span style=\"font-family: 'book antiqua', palatino;font-size: 20px\">Mamy miejsce dla 250 dzieci w 11 grupach, w tym 5 integracyjnych. Nasza kadra to kreatywne i dobrze wykszta\u0142cone nauczycielki, kt\u00f3re ci\u0105gle si\u0119 rozwijaj\u0105.<\/span>[\/vc_wp_text][vc_wp_text]<\/p>\n<h1 style=\"text-align: center\"><span style=\"font-size: 42pt;color: #1c8000\">Ma\u0142y, Wielki Przedszkolak<\/span><\/h1>\n<p>[\/vc_wp_text][vc_wp_text]<\/p>\n<p style=\"text-align: center\"><span style=\"font-family: 'book antiqua', palatino;font-size: 20px\">W dum\u0105 og\u0142aszamy, i\u017c nasze przedszkole bierze udzia\u0142 w Projekcie &#8222;Ma\u0142y, Wielki Przedszkolak.<\/span><\/p>\n<p style=\"text-align: center\"><span style=\"font-family: 'book antiqua', palatino;font-size: 20px\"><a href=\"https:\/\/www.ckz.edu.pl\/index.php\/wielki-maly-przedszkolak\/\"><img loading=\"lazy\" decoding=\"async\" class=\"alignnone wp-image-22710 size-medium\" src=\"https:\/\/przedszkole35.edu.wroclaw.pl\/wp-content\/uploads\/sites\/66\/2024\/08\/plakatsddsdwdw-300x210.png\" alt=\"\" width=\"300\" height=\"210\" srcset=\"https:\/\/przedszkole35.edu.wroclaw.pl\/wp-content\/uploads\/sites\/66\/2024\/08\/plakatsddsdwdw-300x210.png 300w, https:\/\/przedszkole35.edu.wroclaw.pl\/wp-content\/uploads\/sites\/66\/2024\/08\/plakatsddsdwdw-1024x717.png 1024w, https:\/\/przedszkole35.edu.wroclaw.pl\/wp-content\/uploads\/sites\/66\/2024\/08\/plakatsddsdwdw-768x538.png 768w, https:\/\/przedszkole35.edu.wroclaw.pl\/wp-content\/uploads\/sites\/66\/2024\/08\/plakatsddsdwdw.png 1295w\" sizes=\"auto, (max-width: 300px) 100vw, 300px\" \/><\/a><\/span><\/p>\n<p>&nbsp;<\/p>\n<p style=\"text-align: center\"><span style=\"font-family: 'book antiqua', palatino;font-size: 16px\"><strong>\u201eWielki Ma\u0142y Przedszkolak &#8211; rozw\u00f3j edukacji przedszkolnej w Gminie Wroc\u0142aw\u201d<\/strong><\/span><\/p>\n<p><strong><span style=\"font-family: 'book antiqua', palatino;font-size: 16px\">\u0179r\u00f3d\u0142o finansowania:<br \/>\n<\/span><\/strong><span style=\"font-family: 'book antiqua', palatino;font-size: 16px\">Program Fundusze Europejskie dla Dolnego \u015al\u0105ska 2021-2027 wsp\u00f3\u0142finansowany ze \u015brodk\u00f3w Europejskiego Funduszu Spo\u0142ecznego Plus<br \/>\n<\/span><span style=\"font-family: 'book antiqua', palatino;font-size: 16px\">Priorytet nr 8 Fundusze Europejskie dla edukacji na Dolnym \u015al\u0105sku<br \/>\n<\/span><span style=\"font-family: 'book antiqua', palatino;font-size: 16px\">Dzia\u0142anie nr FEDS.08.01 Dost\u0119p do edukacji<\/span><\/p>\n<p><strong><span style=\"font-family: 'book antiqua', palatino;font-size: 16px\">Cel projektu:<br \/>\n<\/span><\/strong><span style=\"font-family: 'book antiqua', palatino;font-size: 16px\">Zwi\u0119kszenie dost\u0119pno\u015bci miejsc przedszkolnych w 2 przedszkolach oraz podniesienie jako\u015bci <\/span><span style=\"font-family: 'book antiqua', palatino;font-size: 16px\">wychowania przedszkolnego w 7 przedszkolach Gminy Wroc\u0142aw<\/span><\/p>\n<p><strong><span style=\"font-family: 'book antiqua', palatino;font-size: 16px\">W Projekcie zosta\u0142y zaplanowane nast\u0119puj\u0105ce dzia\u0142ania:<br \/>\n<\/span><\/strong><span style=\"font-family: 'book antiqua', palatino;font-size: 16px\">&#8211; uruchomienie 175 nowych miejsc przedszkolnych w 2 przedszkolach Gminy Wroc\u0142aw,<br \/>\n<\/span><span style=\"font-family: 'book antiqua', palatino;font-size: 16px\">&#8211; organizacja dodatkowych zaj\u0119\u0107 edukacyjnych i specjalistycznych maj\u0105cych na celu rozw\u00f3j dzieci <\/span><span style=\"font-family: 'book antiqua', palatino;font-size: 16px\">na wczesnym etapie edukacji \u2013 dla 420 dzieci;<br \/>\n&#8211; do realizacji zaj\u0119\u0107 dodatkowych zostan\u0105 zakupione <\/span><span style=\"font-family: 'book antiqua', palatino;font-size: 16px\">pomoce dydaktyczne oraz sprz\u0119t specjalistyczny<\/span><\/p>\n<ul>\n<li><span style=\"font-family: 'book antiqua', palatino;font-size: 16px\">doskonalenie umiej\u0119tno\u015bci, kompetencji\/kwalifikacji 58 nauczycieli\/ek 7 przedszkoli Gminy<\/span><\/li>\n<\/ul>\n<p><span style=\"font-family: 'book antiqua', palatino;font-size: 16px\">Wroc\u0142aw, niezb\u0119dnych do pracy z dzie\u0107mi przedszkolnymi, w tym z dzie\u0107mi ze specjalnymi <\/span><span style=\"font-family: 'book antiqua', palatino;font-size: 16px\">potrzebami edukacyjnymi i rozwojowymi.<\/span><\/p>\n<p><strong><span style=\"font-family: 'book antiqua', palatino;font-size: 16px\">Projekt skierowany jest do:<br \/>\n<\/span><\/strong><span style=\"font-family: 'book antiqua', palatino;font-size: 16px\">&#8211; 7 przedszkoli z Gminy Wroc\u0142aw,<br \/>\n<\/span><span style=\"font-family: 'book antiqua', palatino;font-size: 16px\">&#8211; 420 dzieci w wieku przedszkolnym,<br \/>\n<\/span><span style=\"font-family: 'book antiqua', palatino;font-size: 16px\">&#8211; 58 nauczycieli\/ek zatrudnionych w 7 przedszkolach obj\u0119tych projektem<\/span><\/p>\n<p><strong><span style=\"font-family: 'book antiqua', palatino;font-size: 16px\">Ca\u0142kowita warto\u015b\u0107 projektu: 8 275 288,70 z\u0142<br \/>\n<\/span><\/strong><strong><span style=\"font-family: 'book antiqua', palatino;font-size: 16px\">Kwota dofinansowania: 6 620 230,96 z\u0142<br \/>\n<\/span><\/strong><strong><span style=\"font-family: 'book antiqua', palatino;font-size: 16px\">Wk\u0142ad w\u0142asny: 1 655 057,74 z\u0142<\/span><\/strong><\/p>\n<p><strong><span style=\"font-family: 'book antiqua', palatino;font-size: 16px\">Termin rozpocz\u0119cia realizacji projektu: 01.09.2023 r.<br \/>\n<\/span><\/strong><strong><span style=\"font-family: 'book antiqua', palatino;font-size: 16px\">Termin zako\u0144czenia realizacji projektu: 31.01.2026 r.<\/span><\/strong><\/p>\n<p><span style=\"font-family: 'book antiqua', palatino;font-size: 16px\"><strong>Realizator projektu w imieniu Gminy Wroc\u0142aw<\/strong>:<br \/>\n<\/span><span style=\"font-family: 'book antiqua', palatino;font-size: 16px\">Centrum Kszta\u0142cenia Zawodowego<\/span><\/p>\n<p><span style=\"font-family: 'book antiqua', palatino;font-size: 16px\">Projekt realizowany jest w oparciu o Standardy dost\u0119pno\u015bci dla polityki sp\u00f3jno\u015bci 2021-2027 stanowi\u0105ce za\u0142\u0105cznik nr 2 do Wytycznych dotycz\u0105cych realizacji zasad r\u00f3wno\u015bciowych w ramach funduszy unijnych na lata 2021-2027.<\/span><\/p>\n<p style=\"text-align: center\"><span style=\"font-family: 'book antiqua', palatino;font-size: 16px\">Ostateczni odbiorcy projektu maj\u0105 mo\u017cliwo\u015b\u0107 pisemnego zg\u0142aszania do Instytucji Zarz\u0105dzaj\u0105cej podejrzenia o niezgodno\u015b\u0107 Projektu lub dzia\u0142a\u0144 Beneficjenta \/Partnera \/Podmiotu upowa\u017cnionego do ponoszenia wydatk\u00f3w z Konwencj\u0105 o prawach os\u00f3b niepe\u0142nosprawnych sporz\u0105dzon\u0105 w Nowym Jorku dnia 13 grudnia 2006 r. oraz Kart\u0105 Praw Podstawowych Unii Europejskiej z dnia 26 pa\u017adziernika 2012 r.<\/span><\/p>\n<p style=\"text-align: center\"><img loading=\"lazy\" decoding=\"async\" class=\"alignnone size-medium wp-image-22852\" src=\"https:\/\/przedszkole35.edu.wroclaw.pl\/wp-content\/uploads\/sites\/66\/2024\/09\/Zrzut-ekranu-2024-09-14-135036-300x30.png\" alt=\"\" width=\"300\" height=\"30\" srcset=\"https:\/\/przedszkole35.edu.wroclaw.pl\/wp-content\/uploads\/sites\/66\/2024\/09\/Zrzut-ekranu-2024-09-14-135036-300x30.png 300w, https:\/\/przedszkole35.edu.wroclaw.pl\/wp-content\/uploads\/sites\/66\/2024\/09\/Zrzut-ekranu-2024-09-14-135036-1024x101.png 1024w, https:\/\/przedszkole35.edu.wroclaw.pl\/wp-content\/uploads\/sites\/66\/2024\/09\/Zrzut-ekranu-2024-09-14-135036-768x76.png 768w, https:\/\/przedszkole35.edu.wroclaw.pl\/wp-content\/uploads\/sites\/66\/2024\/09\/Zrzut-ekranu-2024-09-14-135036.png 1232w\" sizes=\"auto, (max-width: 300px) 100vw, 300px\" \/><\/p>\n<p>[\/vc_wp_text][\/vc_column][vc_column width=&#8221;1\/3&#8243;][vc_empty_space height=&#8221;150px&#8221;][vc_wp_text]<img loading=\"lazy\" decoding=\"async\" class=\"alignnone wp-image-317\" src=\"https:\/\/przedszkole35.edu.wroclaw.pl\/wp-content\/uploads\/sites\/66\/2021\/07\/thumbnail_zdjecie-Pulaskiego-2-300x200.jpg\" alt=\"\" width=\"359\" height=\"239\" srcset=\"https:\/\/przedszkole35.edu.wroclaw.pl\/wp-content\/uploads\/sites\/66\/2021\/07\/thumbnail_zdjecie-Pulaskiego-2-300x200.jpg 300w, https:\/\/przedszkole35.edu.wroclaw.pl\/wp-content\/uploads\/sites\/66\/2021\/07\/thumbnail_zdjecie-Pulaskiego-2-1024x682.jpg 1024w, https:\/\/przedszkole35.edu.wroclaw.pl\/wp-content\/uploads\/sites\/66\/2021\/07\/thumbnail_zdjecie-Pulaskiego-2-768x512.jpg 768w, https:\/\/przedszkole35.edu.wroclaw.pl\/wp-content\/uploads\/sites\/66\/2021\/07\/thumbnail_zdjecie-Pulaskiego-2-600x400.jpg 600w, https:\/\/przedszkole35.edu.wroclaw.pl\/wp-content\/uploads\/sites\/66\/2021\/07\/thumbnail_zdjecie-Pulaskiego-2.jpg 1280w\" sizes=\"auto, (max-width: 359px) 100vw, 359px\" \/>[\/vc_wp_text][\/vc_column][\/vc_row][vc_row][vc_column width=&#8221;1\/3&#8243;][\/vc_column][vc_column width=&#8221;1\/3&#8243;][\/vc_column][vc_column width=&#8221;1\/3&#8243;][\/vc_column][\/vc_row][vc_row][vc_column][vc_empty_space][\/vc_column][\/vc_row][vc_row][vc_column width=&#8221;1\/12&#8243;][\/vc_column][vc_column width=&#8221;1\/2&#8243;][vc_wp_text]<\/p>\n<h1 style=\"text-align: center\"><span style=\"font-size: 42pt;color: #1c8000\">Infrastruktura<\/span><\/h1>\n<p>[\/vc_wp_text][vc_separator color=&#8221;custom&#8221; border_width=&#8221;4&#8243; el_width=&#8221;50&#8243; css=&#8221;.vc_custom_1659594178957{margin-top: -30px !important;}&#8221; accent_color=&#8221;#1c8000&#8243;][vc_wp_text]<\/p>\n<ul>\n<li><span style=\"font-family: 'book antiqua', palatino;font-size: 20px\">12 sal przedszkolnych z zapleczem sanitarnym, w Du\u017cym Domku sale s\u0105 klimatyzowane;<\/span><\/li>\n<li><span style=\"font-family: 'book antiqua', palatino;font-size: 20px\">gabinety terapeutyczne;<\/span><\/li>\n<li><span style=\"font-family: 'book antiqua', palatino;font-size: 20px\">w\u0142asna kuchnia;<\/span><\/li>\n<li><span style=\"font-family: 'book antiqua', palatino;font-size: 20px\">pomoce dydaktyczne, mi\u0119dzy innymi: Magiczny Dywan, maty do kodowania, pianina do Metody Kolorowych D\u017awi\u0119k\u00f3w, Bum Bum Rurki;<\/span><\/li>\n<li><span style=\"font-family: 'book antiqua', palatino;font-size: 20px\">specjali\u015bci prowadz\u0105cy zaj\u0119cia arteterapeutyczne, muzykoterapeutyczne, gimnastyk\u0119 korekcyjn\u0105, terapi\u0119 logopedyczn\u0105, pedagogiczn\u0105, psychologiczn\u0105 oraz zaj\u0119cia z j\u0119zyka angielskiego;<\/span><\/li>\n<li><span style=\"font-family: 'book antiqua', palatino;font-size: 20px\">narz\u0119dzia diagnostyczne: Profil Psychoedukacyjny PEP-R E. Schoplera, Karty Oceny Rozwoju Psychoruchowego (KORP), Karta Oceny Logopedycznej Dziecka (KOLD), Mi\u0119dzynarodowa Wykonaniowa Skala Leitera P-93, Trening audio-psycho-lingwistyczny metod\u0105 prof. A.A. Tomatisa<\/span><\/li>\n<\/ul>\n<p>[\/vc_wp_text][\/vc_column][vc_column width=&#8221;1\/3&#8243;][vc_empty_space height=&#8221;160px&#8221;][vc_wp_text]<img loading=\"lazy\" decoding=\"async\" class=\"size-medium wp-image-311\" src=\"https:\/\/przedszkole35.edu.wroclaw.pl\/wp-content\/uploads\/sites\/66\/2021\/07\/IMG_20210622_093614_edit_690133732399366-300x225.jpg\" alt=\"\" width=\"300\" height=\"225\" srcset=\"https:\/\/przedszkole35.edu.wroclaw.pl\/wp-content\/uploads\/sites\/66\/2021\/07\/IMG_20210622_093614_edit_690133732399366-300x225.jpg 300w, https:\/\/przedszkole35.edu.wroclaw.pl\/wp-content\/uploads\/sites\/66\/2021\/07\/IMG_20210622_093614_edit_690133732399366-1024x768.jpg 1024w, https:\/\/przedszkole35.edu.wroclaw.pl\/wp-content\/uploads\/sites\/66\/2021\/07\/IMG_20210622_093614_edit_690133732399366-768x576.jpg 768w, https:\/\/przedszkole35.edu.wroclaw.pl\/wp-content\/uploads\/sites\/66\/2021\/07\/IMG_20210622_093614_edit_690133732399366-600x450.jpg 600w, https:\/\/przedszkole35.edu.wroclaw.pl\/wp-content\/uploads\/sites\/66\/2021\/07\/IMG_20210622_093614_edit_690133732399366-1536x1152.jpg 1536w, https:\/\/przedszkole35.edu.wroclaw.pl\/wp-content\/uploads\/sites\/66\/2021\/07\/IMG_20210622_093614_edit_690133732399366-2048x1536.jpg 2048w\" sizes=\"auto, (max-width: 300px) 100vw, 300px\" \/>[\/vc_wp_text][\/vc_column][\/vc_row][vc_row][vc_column][vc_column_text]<\/p>\n<p>[\/vc_column_text][\/vc_column][\/vc_row]<\/p>\n<\/div>","protected":false},"excerpt":{"rendered":"<p>[vc_row css_animation=&#8221;zoomIn&#8221;][vc_column width=&#8221;1\/5&#8243;][vc_icon icon_fontawesome=&#8221;fas fa-users&#8221; color=&#8221;custom&#8221; background_style=&#8221;rounded-outline&#8221; background_color=&#8221;custom&#8221; size=&#8221;xl&#8221; align=&#8221;center&#8221; css=&#8221;&#8221; custom_color=&#8221;#1c8000&#8243; custom_background_color=&#8221;#1c8000&#8243; link=&#8221;url:%2Findex.php%2Fnasza-misja%2F|title:Nasza%20misja&#8221;][vc_column_text css=&#8221;.vc_custom_1686734286557{margin-top: -40px !important;}&#8221;] Nasza misja [\/vc_column_text][\/vc_column][vc_column width=&#8221;1\/5&#8243;][vc_icon icon_fontawesome=&#8221;fas fa-utensils&#8221; color=&#8221;custom&#8221; background_style=&#8221;rounded-outline&#8221; background_color=&#8221;custom&#8221; size=&#8221;xl&#8221; align=&#8221;center&#8221; custom_color=&#8221;#9f00a8&#8243; custom_background_color=&#8221;#9f00a8&#8243; [&hellip;]<\/p>\n","protected":false},"author":7,"featured_media":0,"parent":0,"menu_order":0,"comment_status":"closed","ping_status":"closed","template":"","meta":{"footnotes":""},"class_list":["post-23","page","type-page","status-publish","hentry","clearfix"],"_links":{"self":[{"href":"https:\/\/przedszkole35.edu.wroclaw.pl\/index.php\/wp-json\/wp\/v2\/pages\/23","targetHints":{"allow":["GET"]}}],"collection":[{"href":"https:\/\/przedszkole35.edu.wroclaw.pl\/index.php\/wp-json\/wp\/v2\/pages"}],"about":[{"href":"https:\/\/przedszkole35.edu.wroclaw.pl\/index.php\/wp-json\/wp\/v2\/types\/page"}],"author":[{"embeddable":true,"href":"https:\/\/przedszkole35.edu.wroclaw.pl\/index.php\/wp-json\/wp\/v2\/users\/7"}],"replies":[{"embeddable":true,"href":"https:\/\/przedszkole35.edu.wroclaw.pl\/index.php\/wp-json\/wp\/v2\/comments?post=23"}],"version-history":[{"count":38,"href":"https:\/\/przedszkole35.edu.wroclaw.pl\/index.php\/wp-json\/wp\/v2\/pages\/23\/revisions"}],"predecessor-version":[{"id":29264,"href":"https:\/\/przedszkole35.edu.wroclaw.pl\/index.php\/wp-json\/wp\/v2\/pages\/23\/revisions\/29264"}],"wp:attachment":[{"href":"https:\/\/przedszkole35.edu.wroclaw.pl\/index.php\/wp-json\/wp\/v2\/media?parent=23"}],"curies":[{"name":"wp","href":"https:\/\/api.w.org\/{rel}","templated":true}]}}