
{"id":231,"date":"2021-06-22T11:34:23","date_gmt":"2021-06-22T09:34:23","guid":{"rendered":"https:\/\/przedszkole35.edu.wroclaw.pl\/?page_id=231"},"modified":"2026-02-27T21:50:26","modified_gmt":"2026-02-27T20:50:26","slug":"dokumenty","status":"publish","type":"page","link":"https:\/\/przedszkole35.edu.wroclaw.pl\/index.php\/dokumenty\/","title":{"rendered":"Dokumenty"},"content":{"rendered":"<div class=\"wpb-content-wrapper\"><p>[vc_row][vc_column][\/vc_column][vc_column][vc_tta_tour style=&#8221;flat&#8221; active_section=&#8221;&#8221;][vc_tta_section title=&#8221;Dokumenty przedszkolne&#8221; tab_id=&#8221;1659685058331-1d6f8132-9baf&#8221;][vc_column_text css=&#8221;&#8221;]<\/p>\n<ul>\n<li style=\"list-style-type: none\">\n<ul>\n<li style=\"list-style-type: none\">\n<ul>\n<li style=\"list-style-type: none\">\n<ul style=\"list-style-type: circle\">\n<li><span style=\"color: #808080;font-family: 'book antiqua', palatino;font-size: 16px\"><a style=\"color: #808080\" href=\"https:\/\/przedszkole35.edu.wroclaw.pl\/wp-content\/uploads\/sites\/66\/2023\/04\/NOWY-Regulamin-zywienia.doc\">NOWY Regulamin \u017cywienia<\/a><\/span><\/li>\n<li class=\"post_title\"><span style=\"font-family: 'book antiqua', palatino, serif;font-size: 16px;color: #808080\"><a style=\"color: #808080\" href=\"https:\/\/przedszkole35.edu.wroclaw.pl\/wp-content\/uploads\/sites\/66\/2022\/09\/uchwala-RM-LVII.1513.22.pdf\">uchwa\u0142a RM LVII.1513.22<\/a><\/span><\/li>\n<li class=\"post_title\"><span style=\"font-family: 'book antiqua', palatino, serif;font-size: 16px;color: #808080\"><a style=\"color: #808080\" title=\"Permalink to Procedura na wypadek pojawienia si\u0119 zachorowania dziecka na koronawirusa COVID-19 lub inn\u0105 chorob\u0119 zaka\u017an\u0105\" href=\"https:\/\/przedszkole35.edu.wroclaw.pl\/wp-content\/uploads\/sites\/66\/2021\/07\/PROCEDURA-NA-WYPADEK-POJAWIENIA-SIE-ZAGROZENIA-BIOLOGICZNEGO-ZAKAZENIA.docx\" rel=\"bookmark\">Procedura na wypadek pojawienia si\u0119 zachorowania dziecka na koronawirusa COVID-19 lub <span style=\"color: #808080\">inn\u0105<\/span> chorob\u0119 zaka\u017an\u0105 (docx)<\/a><\/span><\/li>\n<li class=\"post_title\"><span style=\"font-family: 'book antiqua', palatino, serif;font-size: 16px;color: #808080\"><a style=\"color: #808080\" href=\"https:\/\/przedszkole35.edu.wroclaw.pl\/wp-content\/uploads\/sites\/66\/2024\/10\/Statut-Przedszkola-nr-35-z-oddzialami-integracyjnymiTeczowy-Domek-we-Wroclawiu-2024.pdf\">Statut Przedszkola nr 35 z oddzia\u0142ami integracyjnymi\u201cT\u0119czowy Domek\u201d we Wroc\u0142awiu 2024<\/a><\/span><\/li>\n<li class=\"post_title\"><span style=\"font-family: 'book antiqua', palatino, serif;font-size: 16px;color: #808080\"><a style=\"color: #808080\" title=\"Permalink to Gar\u015b\u0107 informacji dla Rodzic\u00f3w na temat adaptacji dziecka w przedszkolu i wyprawki dziecka\" href=\"https:\/\/przedszkole35.wroclaw.pl\/strona\/garsc-informacji-dla-rodzicow-na-temat-adaptacji-dziecka-w-przedszkolu-i-wyprawki-dziecka\/\" target=\"_blank\" rel=\"bookmark noopener\">Gar\u015b\u0107 informacji dla Rodzic\u00f3w na t<span style=\"color: #808080\">emat adaptacji dziecka w przedszkolu i wyprawki dziecka (docx)<\/span><\/a><\/span><\/li>\n<li><span style=\"color: #808080;font-family: 'book antiqua', palatino, serif;font-size: 16px\"><a style=\"color: #808080\" href=\"https:\/\/przedszkole35.edu.wroclaw.pl\/wp-content\/uploads\/sites\/66\/2022\/08\/podstawa_programowa_wychowania_przedszkolnegodocx.docx\"><span style=\"color: #808080\">Podstawa Programowa Wychowania Przedszkol<\/span>nego<\/a><\/span><\/li>\n<li><span style=\"color: #808080;font-family: 'book antiqua', palatino, serif;font-size: 16px\"><a style=\"color: #808080\" href=\"https:\/\/przedszkole35.edu.wroclaw.pl\/wp-content\/uploads\/sites\/66\/2022\/08\/PROGRAM-WYCHOWAWCZY.docx\">Program Wychowawczy<\/a><\/span><\/li>\n<li><span style=\"color: #808080;font-family: 'book antiqua', palatino, serif;font-size: 16px\"><a style=\"color: #808080\" href=\"https:\/\/przedszkole35.edu.wroclaw.pl\/wp-content\/uploads\/sites\/66\/2022\/08\/wniosek-o-wydanie-opinii.docx\">Wniosek o wydanie opinii<\/a><\/span><\/li>\n<li><span style=\"color: #808080;font-family: 'book antiqua', palatino, serif;font-size: 16px\"><a style=\"color: #808080\" href=\"https:\/\/przedszkole35.edu.wroclaw.pl\/wp-content\/uploads\/sites\/66\/2022\/08\/Regulamin-organizowania-i-przeprowadzania-wycieczek.docx\">Regulamin organizowania i przeprowadzania wycieczek<\/a><\/span><\/li>\n<li><span style=\"color: #808080;font-family: 'book antiqua', palatino, serif;font-size: 16px\"><a style=\"color: #808080\" href=\"https:\/\/przedszkole35.edu.wroclaw.pl\/wp-content\/uploads\/sites\/66\/2022\/11\/klauzule-informacyjne.pdf\">Klauzule Informacyjne<\/a><\/span><\/li>\n<li><span style=\"font-family: 'book antiqua', palatino;font-size: 16px;color: #808080\"><a style=\"color: #808080\" href=\"https:\/\/przedszkole35.edu.wroclaw.pl\/wp-content\/uploads\/sites\/66\/2023\/09\/Teczowy-Domek-NNW.pdf\">Teczowy Domek NNW<\/a><\/span><\/li>\n<li><span style=\"font-family: 'book antiqua', palatino;font-size: 16px;color: #808080\"><a style=\"color: #808080\" href=\"https:\/\/przedszkole35.edu.wroclaw.pl\/wp-content\/uploads\/sites\/66\/2023\/11\/uchwala-zmieniajaca-LXIX-1791-23.pdf\">Uchwa\u0142a nr LXIX\/1791\/23 Rady Miejskiej Wroc\u0142awia z dnia 22 czerwca 2023 r.<\/a><\/span><\/li>\n<li><span style=\"color: #808080;font-family: 'book antiqua', palatino;font-size: 16px\"><a style=\"color: #808080\" href=\"https:\/\/przedszkole35.edu.wroclaw.pl\/wp-content\/uploads\/sites\/66\/2024\/10\/Wewnetrzna-procedura-dokonywania-zgloszen-naruszen-prawa-i-podejmowania-dzialan-nastepczych-w-Przedszkolu-nr-35-z-oddzialami-integracyjnymi-Teczowy-Domek-we-Wroclawiu.pdf\">Wewn\u0119trzna procedura dokonywania zg\u0142osze\u0144 narusze\u0144 prawa i podejmowania dzia\u0142a\u0144 nast\u0119pczych w Przedszkolu nr 35 z oddzia\u0142ami integracyjnymi T\u0119czowy Domek we Wroc\u0142awiu<\/a><\/span><\/li>\n<li><span style=\"color: #808080;font-family: book antiqua, palatino;font-size: 16px\"><a style=\"color: #808080\" href=\"https:\/\/przedszkole35.edu.wroclaw.pl\/wp-content\/uploads\/sites\/66\/2026\/01\/VI-konkurs-limeryk.pdf\">VI konkurs limeryk<\/a><\/span><\/li>\n<li><span style=\"color: #808080\"><a style=\"color: #808080\" href=\"https:\/\/przedszkole35.edu.wroclaw.pl\/wp-content\/uploads\/sites\/66\/2026\/01\/KSeF-\u2013-wystawianie-faktur-dla-Przedszkola-nr-35-z-oddzialami-integracyjnymi-\u201eTeczowy-Domek-we-Wroclawiu-3.docx\">KSeF \u2013 wystawianie faktur dla Przedszkola nr 35 z oddzia\u0142ami integracyjnymi \u201eT\u0119czowy Domek\u201d we Wroc\u0142awiu<\/a><\/span><\/li>\n<li><span style=\"color: #808080\"><a style=\"color: #808080\" href=\"https:\/\/przedszkole35.edu.wroclaw.pl\/wp-content\/uploads\/sites\/66\/2026\/02\/Plan-zamowien-na-2026-r.pdf\">Plan zam\u00f3wie\u0144 na 2026 r.<\/a><\/span><\/li>\n<\/ul>\n<\/li>\n<\/ul>\n<\/li>\n<\/ul>\n<\/li>\n<\/ul>\n<p>[\/vc_column_text][\/vc_tta_section][vc_tta_section title=&#8221;Przetargi&#8221; tab_id=&#8221;1659685058345-3085b7a7-50d1&#8243;][vc_column_text css=&#8221;&#8221;]<span style=\"font-family: 'book antiqua', palatino, serif;font-size: 16px;color: #808080\"><a style=\"color: #808080\" href=\"https:\/\/przedszkole35.edu.wroclaw.pl\/wp-content\/uploads\/sites\/66\/2022\/08\/Wyniki-przetargow.pdf\">Wyn<span style=\"color: #808080\">iki przetarg\u00f3w<\/span><\/a><\/span>[\/vc_column_text][\/vc_tta_section][vc_tta_section title=&#8221;Konkursy i projekty&#8221; tab_id=&#8221;1659685090514-a4a3e517-1392&#8243;][vc_column_text css=&#8221;&#8221;]<a href=\"https:\/\/przedszkole35.edu.wroclaw.pl\/wp-content\/uploads\/sites\/66\/2026\/01\/Regulamin-konkursu-tanecznego-Wyginam-smialo-cialo.pdf\">Regulamin konkursu tanecznego Wyginam \u015bmia\u0142o cia\u0142o<\/a><\/p>\n<p><span style=\"font-family: 'book antiqua', palatino;font-size: 16px\"><a href=\"https:\/\/przedszkole35.edu.wroclaw.pl\/wp-content\/uploads\/sites\/66\/2026\/01\/Konkurs-taneczny-Wyginam-smialo-cialo-zgoda.docx\">Konkurs taneczny Wyginam \u015bmia\u0142o cia\u0142o &#8211; zgoda<\/a><\/span><\/p>\n<p><span style=\"font-family: 'book antiqua', palatino;font-size: 16px\"><a href=\"https:\/\/przedszkole35.edu.wroclaw.pl\/wp-content\/uploads\/sites\/66\/2026\/01\/P15_Regulamin_LIMERYK_1-1.pdf\">P15_Regulamin_LIMERYK_(1)<\/a><\/span><\/p>\n<p><a href=\"https:\/\/przedszkole35.edu.wroclaw.pl\/wp-content\/uploads\/sites\/66\/2026\/02\/Regulamin-ogolnopolskiego-konkursu-plastycznego-Moj-ulubiony-zdrowy-posilek.pdf\">Regulamin og\u00f3lnopolskiego konkursu plastycznego &#8211; M\u00f3j ulubiony zdrowy posi\u0142ek<\/a>[\/vc_column_text][vc_column_text css=&#8221;&#8221;]<span style=\"font-size: 16px;font-family: georgia, palatino\"><a href=\"https:\/\/przedszkole35.edu.wroclaw.pl\/wp-content\/uploads\/sites\/66\/2025\/11\/zal-1.-zgoda-konkurs-mis.pdf\">zal-1.-zgoda-konkurs-mi\u015b <\/a><\/span><\/p>\n<p><span style=\"font-family: book antiqua, palatino;font-size: 16px\"><a href=\"https:\/\/przedszkole35.edu.wroclaw.pl\/wp-content\/uploads\/sites\/66\/2025\/11\/regulamin-konkursu-sensoryczny-mis-2025.pdf\"><span style=\"font-size: 20px\"><span style=\"font-family: georgia, palatino;font-size: 16px\">regulamin-konkursu-sensoryczny-mis-2025<\/span><\/span><\/a><\/span>[\/vc_column_text][vc_column_text css=&#8221;&#8221;]<span style=\"font-family: georgia, palatino\"><a href=\"https:\/\/przedszkole35.edu.wroclaw.pl\/wp-content\/uploads\/sites\/66\/2025\/10\/konkurs-Polska-moim-domem-2025.pdf\"><span style=\"font-size: 16px\">konkurs-Polska-moim-domem-2025<\/span><\/a><span style=\"font-size: 16px\"><a href=\"https:\/\/przedszkole35.edu.wroclaw.pl\/wp-content\/uploads\/sites\/66\/2025\/10\/zal-1.-zgoda-konkurs-Polska.pdf\">za\u0142-1.-zgoda-konkurs-Polska<\/a><\/span><\/span><\/p>\n<p><span style=\"font-size: 16px;font-family: georgia, palatino\"><a href=\"https:\/\/przedszkole35.edu.wroclaw.pl\/wp-content\/uploads\/sites\/66\/2025\/10\/konkurs-Polska-moim-domem-2025.pdf\">Regulamin konkursu<\/a><a href=\"https:\/\/przedszkole35.edu.wroclaw.pl\/wp-content\/uploads\/sites\/66\/2025\/10\/konkurs-Polska-moim-domem-2025.pdf\"><span style=\"font-family: georgia, palatino\">-Polska-moim-domem-2025<\/span><\/a><\/span><\/p>\n<p>[\/vc_column_text][vc_column_text css=&#8221;&#8221;]<span style=\"font-size: 16px;font-family: georgia, palatino\"><a href=\"https:\/\/przedszkole35.edu.wroclaw.pl\/wp-content\/uploads\/sites\/66\/2025\/10\/Regulamin-konkursu-plastycznego-Kolory-Jesieni.pdf\">Regulamin konkursu plastycznego Kolory Jesieni<\/a><\/span><\/p>\n<p><span style=\"font-size: 16px;font-family: georgia, palatino\"><a href=\"https:\/\/przedszkole35.edu.wroclaw.pl\/wp-content\/uploads\/sites\/66\/2025\/10\/Zalacznik-nr-1-Zgoda-1.docx\">Za\u0142\u0105cznik nr 1 &#8211; Zgoda<\/a><\/span><\/p>\n<p>[\/vc_column_text][\/vc_tta_section][vc_tta_section title=&#8221;RODO&#8221; tab_id=&#8221;1674410765403-27ffb545-a16e&#8221;][vc_column_text]<span style=\"font-family: 'book antiqua', palatino;font-size: 16px;color: #808080\"><a style=\"color: #808080\" href=\"https:\/\/przedszkole35.edu.wroclaw.pl\/wp-content\/uploads\/sites\/66\/2023\/09\/klauzula-informacyjna-dla-osob-upowaznionych-do-odbioru-dziecka-z-przedszkola-dyzur-wakacyjny.pdf\">klauzula informacyjna &#8211; dla os\u00f3b upowa\u017cnionych do odbioru dziecka z przedszkola (dy\u017cur wakacyjny)<\/a><\/span><br \/>\n<span style=\"font-family: 'book antiqua', palatino;font-size: 16px;color: #808080\"><a style=\"color: #808080\" href=\"https:\/\/przedszkole35.edu.wroclaw.pl\/wp-content\/uploads\/sites\/66\/2023\/09\/klauzula-informacyjna-dla-osob-upowaznionych-do-odbioru-dziecka-z-przedszkola.pdf\">klauzula informacyjna &#8211; dla os\u00f3b upowa\u017cnionych do odbioru dziecka z przedszkola<\/a><\/span><br \/>\n<span style=\"font-family: 'book antiqua', palatino;font-size: 16px;color: #808080\"><a style=\"color: #808080\" href=\"https:\/\/przedszkole35.edu.wroclaw.pl\/wp-content\/uploads\/sites\/66\/2023\/09\/klauzula-informacyjna-edukacja-dziecka-w-placowce.pdf\">klauzula informacyjna &#8211; edukacja dziecka w plac\u00f3wce<\/a><\/span><br \/>\n<span style=\"font-family: 'book antiqua', palatino;font-size: 16px;color: #808080\"><a style=\"color: #808080\" href=\"https:\/\/przedszkole35.edu.wroclaw.pl\/wp-content\/uploads\/sites\/66\/2023\/09\/klauzula-informacyjna-ewidencja-wejsc-i-wyjsc.pdf\">klauzula informacyjna &#8211; ewidencja wej\u015b\u0107 i wyj\u015b\u0107<\/a><\/span><br \/>\n<span style=\"font-family: 'book antiqua', palatino;font-size: 16px;color: #808080\"><a style=\"color: #808080\" href=\"https:\/\/przedszkole35.edu.wroclaw.pl\/wp-content\/uploads\/sites\/66\/2023\/09\/klauzula-informacyjna-fundusz-zdrowotny.pdf\">klauzula informacyjna &#8211; fundusz zdrowotny<\/a><\/span><br \/>\n<span style=\"font-family: 'book antiqua', palatino;font-size: 16px;color: #808080\"><a style=\"color: #808080\" href=\"https:\/\/przedszkole35.edu.wroclaw.pl\/wp-content\/uploads\/sites\/66\/2023\/09\/klauzula-informacyjna-korespondencja-elektroniczna.pdf\">klauzula informacyjna &#8211; korespondencja elektroniczna<\/a><\/span><br \/>\n<span style=\"font-family: 'book antiqua', palatino;font-size: 16px;color: #808080\"><a style=\"color: #808080\" href=\"https:\/\/przedszkole35.edu.wroclaw.pl\/wp-content\/uploads\/sites\/66\/2023\/09\/klauzula-informacyjna-korzystanie-ze-strony-internetowej.pdf\">klauzula informacyjna &#8211; korzystanie ze strony internetowej<\/a><\/span><br \/>\n<span style=\"font-family: 'book antiqua', palatino;font-size: 16px;color: #808080\"><a style=\"color: #808080\" href=\"https:\/\/przedszkole35.edu.wroclaw.pl\/wp-content\/uploads\/sites\/66\/2023\/09\/klauzula-informacyjna-monitoring.pdf\">klauzula informacyjna &#8211; monitoring<\/a><\/span><br \/>\n<span style=\"font-family: 'book antiqua', palatino;font-size: 16px;color: #808080\"><a style=\"color: #808080\" href=\"https:\/\/przedszkole35.edu.wroclaw.pl\/wp-content\/uploads\/sites\/66\/2023\/09\/klauzula-informacyjna-opiekun-wycieczki.pdf\">kla<\/a><a style=\"color: #808080\" href=\"https:\/\/przedszkole35.edu.wroclaw.pl\/wp-content\/uploads\/sites\/66\/2023\/09\/klauzula-informacyjna-postepowanie-administracyjne.pdf\">klauzula informacyjna &#8211; post\u0119powanie administracyjne<\/a><\/span><br \/>\n<span style=\"font-family: 'book antiqua', palatino;font-size: 16px;color: #808080\"><a style=\"color: #808080\" href=\"https:\/\/przedszkole35.edu.wroclaw.pl\/wp-content\/uploads\/sites\/66\/2023\/09\/klauzula-informacyjna-postepowanie-o-udzielenie-zamowienia-publicznego.pdf\">klauzula informacyjna &#8211; post\u0119powanie o udzielenie zam\u00f3wienia publicznego<\/a><\/span><br \/>\n<span style=\"font-family: 'book antiqua', palatino;font-size: 16px;color: #808080\"><a style=\"color: #808080\" href=\"https:\/\/przedszkole35.edu.wroclaw.pl\/wp-content\/uploads\/sites\/66\/2023\/09\/klauzula-informacyjna-PPK.pdf\">klauzula informacyjna &#8211; PPK<\/a><\/span><br \/>\n<span style=\"font-family: 'book antiqua', palatino;font-size: 16px;color: #808080\"><a style=\"color: #808080\" href=\"https:\/\/przedszkole35.edu.wroclaw.pl\/wp-content\/uploads\/sites\/66\/2023\/09\/klauzula-informacyjna-praca-spolecznie-uzyteczna.pdf\">klauzula informacyjna &#8211; praca spo\u0142ecznie u\u017cyteczna<\/a><\/span><br \/>\n<span style=\"font-family: 'book antiqua', palatino;font-size: 16px;color: #808080\"><a style=\"color: #808080\" href=\"https:\/\/przedszkole35.edu.wroclaw.pl\/wp-content\/uploads\/sites\/66\/2023\/09\/klauzula-informacyjna-pracownik-samorzadowy.pdf\">klauzula informacyjna &#8211; pracownik samorz\u0105dowy<\/a><\/span><br \/>\n<span style=\"font-family: 'book antiqua', palatino;font-size: 16px;color: #808080\"><a style=\"color: #808080\" href=\"https:\/\/przedszkole35.edu.wroclaw.pl\/wp-content\/uploads\/sites\/66\/2023\/09\/klauzula-informacyjna-praktykant.pdf\">klauzula informacyjna &#8211; praktykant<\/a><\/span><br \/>\n<span style=\"font-family: 'book antiqua', palatino;font-size: 16px;color: #808080\"><a style=\"color: #808080\" href=\"https:\/\/przedszkole35.edu.wroclaw.pl\/wp-content\/uploads\/sites\/66\/2023\/09\/klauzula-informacyjna-rekrutacja-pracownikow.pdf\">klauzula informacyjna &#8211; rekrutacja pracownik\u00f3w<\/a><\/span><br \/>\n<span style=\"font-family: 'book antiqua', palatino;font-size: 16px;color: #808080\"><a style=\"color: #808080\" href=\"https:\/\/przedszkole35.edu.wroclaw.pl\/wp-content\/uploads\/sites\/66\/2023\/09\/klauzula-informacyjna-umowa-najmu.pdf\">klauzula informacyjna &#8211; umowa najmu<\/a><\/span><br \/>\n<span style=\"font-family: 'book antiqua', palatino;font-size: 16px;color: #808080\"><a style=\"color: #808080\" href=\"https:\/\/przedszkole35.edu.wroclaw.pl\/wp-content\/uploads\/sites\/66\/2023\/09\/klauzula-informacyjna-wolontariat.pdf\">klauzula informacyjna &#8211; wolontariat<\/a><\/span><br \/>\n<span style=\"font-family: 'book antiqua', palatino;font-size: 16px;color: #808080\"><a style=\"color: #808080\" href=\"https:\/\/przedszkole35.edu.wroclaw.pl\/wp-content\/uploads\/sites\/66\/2023\/09\/klauzula-informacyjna-zakladowy-fundusz-swiadczen-socjalnych.pdf\">klauzula informacyjna &#8211; zak\u0142adowy fundusz \u015bwiadcze\u0144 socjalnych<\/a><\/span><br \/>\n<span style=\"font-family: 'book antiqua', palatino;font-size: 16px;color: #808080\"><a style=\"color: #808080\" href=\"https:\/\/przedszkole35.edu.wroclaw.pl\/wp-content\/uploads\/sites\/66\/2023\/09\/klauzula-informacyjna-zatrudnienie-nauczyciel.pdf\">klauzula informacyjna &#8211; zatrudnienie nauczyciel<\/a><\/span><br \/>\n<span style=\"font-family: 'book antiqua', palatino;font-size: 16px;color: #808080\"><a style=\"color: #808080\" href=\"https:\/\/przedszkole35.edu.wroclaw.pl\/wp-content\/uploads\/sites\/66\/2023\/09\/klauzula-informacyjna-zawarcie-umowy.pdf\">klauzula informacyjna &#8211; zawarcie umowy<\/a><\/span><br \/>\n<span style=\"font-family: 'book antiqua', palatino;font-size: 16px;color: #808080\"><a style=\"color: #808080\" href=\"https:\/\/przedszkole35.edu.wroclaw.pl\/wp-content\/uploads\/sites\/66\/2023\/09\/klauzula-informacyjna-zlozenie-pisma-w-placowce.pdf\">klauzula informacyjna &#8211; z\u0142o\u017cenie pisma w plac\u00f3wce<\/a><\/span><br \/>\n<span style=\"font-family: 'book antiqua', palatino;font-size: 16px;color: #808080\"><a style=\"color: #808080\" href=\"https:\/\/przedszkole35.edu.wroclaw.pl\/wp-content\/uploads\/sites\/66\/2023\/09\/klauzula-informacyjna-opiekun-wycieczki.pdf\">kluzula informacyjna &#8211; opiekun wycieczki<\/a><\/span>[\/vc_column_text][\/vc_tta_section][vc_tta_section title=&#8221;Prawa Dziecka&#8221; tab_id=&#8221;1699365702258-b4fdf3cb-3d0a&#8221;][vc_column_text]<\/p>\n<ul>\n<li><span style=\"font-family: 'book antiqua', palatino;font-size: 16px;color: #808080\"><a style=\"color: #808080\" href=\"https:\/\/przedszkole35.edu.wroclaw.pl\/wp-content\/uploads\/sites\/66\/2023\/11\/odpowiedzialnosc-rodzicow.pdf\">odpowiedzialno\u015b\u0107-rodzic\u00f3w<\/a><\/span><\/li>\n<li><span style=\"font-family: 'book antiqua', palatino;font-size: 16px;color: #808080\"><a style=\"color: #808080\" href=\"https:\/\/przedszkole35.edu.wroclaw.pl\/wp-content\/uploads\/sites\/66\/2023\/11\/prawo-do-leczenia.pdf\">prawo-do-leczenia<\/a><\/span><\/li>\n<li><span style=\"font-family: 'book antiqua', palatino;font-size: 16px;color: #808080\"><a style=\"color: #808080\" href=\"https:\/\/przedszkole35.edu.wroclaw.pl\/wp-content\/uploads\/sites\/66\/2023\/11\/prawo-dla-wszystkich.pdf\">prawo-dla-wszystkich<\/a><\/span><\/li>\n<li><span style=\"font-family: 'book antiqua', palatino;font-size: 16px;color: #808080\"><a style=\"color: #808080\" href=\"https:\/\/przedszkole35.edu.wroclaw.pl\/wp-content\/uploads\/sites\/66\/2023\/11\/prawo-do-nauki.pdf\">prawo-do-nauki<\/a><\/span><\/li>\n<li><span style=\"font-family: 'book antiqua', palatino;font-size: 16px;color: #808080\"><a style=\"color: #808080\" href=\"https:\/\/przedszkole35.edu.wroclaw.pl\/wp-content\/uploads\/sites\/66\/2023\/11\/prawo-do-prywatnosci.pdf\">prawo-do-prywatno\u015bci<\/a><\/span><\/li>\n<li><span style=\"color: #808080\"><a style=\"color: #808080\" href=\"https:\/\/przedszkole35.edu.wroclaw.pl\/wp-content\/uploads\/sites\/66\/2023\/11\/prawo-do-rodziny.pdf\">prawo-do-rodziny<\/a><\/span><\/li>\n<li><span style=\"font-family: 'book antiqua', palatino;font-size: 16px;color: #808080\"><a style=\"color: #808080\" href=\"https:\/\/przedszkole35.edu.wroclaw.pl\/wp-content\/uploads\/sites\/66\/2023\/11\/prawo-do-wypowiedzi.pdf\">prawo-do-wypowiedzi<\/a><\/span><\/li>\n<li><span style=\"font-family: 'book antiqua', palatino;font-size: 16px;color: #808080\"><a style=\"color: #808080\" href=\"https:\/\/przedszkole35.edu.wroclaw.pl\/wp-content\/uploads\/sites\/66\/2023\/11\/prawo-do-zycia-i-rozwoju.pdf\">prawo-do-\u017cycia-i-rozwoju<\/a><\/span><\/li>\n<li><span style=\"color: #808080\"><a style=\"color: #808080\" href=\"https:\/\/przedszkole35.edu.wroclaw.pl\/wp-content\/uploads\/sites\/66\/2023\/11\/prawo-do-zycia-bez-przemocy.pdf\">prawo-do-\u017cycia-bez-przemocy<\/a><\/span><\/li>\n<\/ul>\n<p>[\/vc_column_text][\/vc_tta_section][\/vc_tta_tour][\/vc_column][\/vc_row]<\/p>\n<\/div>","protected":false},"excerpt":{"rendered":"<p>[vc_row][vc_column][\/vc_column][vc_column][vc_tta_tour style=&#8221;flat&#8221; active_section=&#8221;&#8221;][vc_tta_section title=&#8221;Dokumenty przedszkolne&#8221; tab_id=&#8221;1659685058331-1d6f8132-9baf&#8221;][vc_column_text css=&#8221;&#8221;] NOWY Regulamin \u017cywienia uchwa\u0142a RM LVII.1513.22 Procedura na wypadek pojawienia si\u0119 zachorowania dziecka na koronawirusa COVID-19 lub inn\u0105 chorob\u0119 zaka\u017an\u0105 (docx) Statut Przedszkola [&hellip;]<\/p>\n","protected":false},"author":7,"featured_media":0,"parent":0,"menu_order":0,"comment_status":"closed","ping_status":"closed","template":"","meta":{"footnotes":""},"class_list":["post-231","page","type-page","status-publish","hentry","clearfix"],"_links":{"self":[{"href":"https:\/\/przedszkole35.edu.wroclaw.pl\/index.php\/wp-json\/wp\/v2\/pages\/231","targetHints":{"allow":["GET"]}}],"collection":[{"href":"https:\/\/przedszkole35.edu.wroclaw.pl\/index.php\/wp-json\/wp\/v2\/pages"}],"about":[{"href":"https:\/\/przedszkole35.edu.wroclaw.pl\/index.php\/wp-json\/wp\/v2\/types\/page"}],"author":[{"embeddable":true,"href":"https:\/\/przedszkole35.edu.wroclaw.pl\/index.php\/wp-json\/wp\/v2\/users\/7"}],"replies":[{"embeddable":true,"href":"https:\/\/przedszkole35.edu.wroclaw.pl\/index.php\/wp-json\/wp\/v2\/comments?post=231"}],"version-history":[{"count":136,"href":"https:\/\/przedszkole35.edu.wroclaw.pl\/index.php\/wp-json\/wp\/v2\/pages\/231\/revisions"}],"predecessor-version":[{"id":29946,"href":"https:\/\/przedszkole35.edu.wroclaw.pl\/index.php\/wp-json\/wp\/v2\/pages\/231\/revisions\/29946"}],"wp:attachment":[{"href":"https:\/\/przedszkole35.edu.wroclaw.pl\/index.php\/wp-json\/wp\/v2\/media?parent=231"}],"curies":[{"name":"wp","href":"https:\/\/api.w.org\/{rel}","templated":true}]}}