
{"id":82,"date":"2021-06-15T11:43:56","date_gmt":"2021-06-15T09:43:56","guid":{"rendered":"https:\/\/przedszkole35.edu.wroclaw.pl\/?page_id=82"},"modified":"2025-11-03T10:24:16","modified_gmt":"2025-11-03T09:24:16","slug":"grupy","status":"publish","type":"page","link":"https:\/\/przedszkole35.edu.wroclaw.pl\/index.php\/grupy\/","title":{"rendered":"Grupy"},"content":{"rendered":"<div class=\"wpb-content-wrapper\"><p>[vc_row css=&#8221;.vc_custom_1606824277286{margin-top: -60px !important;}&#8221;][vc_column width=&#8221;1\/4&#8243;][vc_column_text css=&#8221;&#8221;]<\/p>\n<h1 style=\"text-align: center\"><span style=\"color: #3176af;font-size: 36px\"><strong><span style=\"color: #1c8000\">T\u0119czowe Misie<\/span><br \/>\n<\/strong><\/span><\/h1>\n<p>[\/vc_column_text][vc_single_image image=&#8221;88&#8243; img_size=&#8221;300&#215;168&#8243; alignment=&#8221;center&#8221; onclick=&#8221;custom_link&#8221; css_animation=&#8221;zoomIn&#8221; css=&#8221;.vc_custom_1724495277843{margin-top: -30px !important;}&#8221; link=&#8221;https:\/\/przedszkole35.edu.wroclaw.pl\/index.php\/grupy\/grupa-i-teczowe-misie\/&#8221;][\/vc_column][vc_column width=&#8221;1\/4&#8243;][vc_column_text css=&#8221;&#8221;]<\/p>\n<h1 style=\"text-align: center\"><span style=\"font-size: 36px;color: #3176af\"><strong><span style=\"color: #1c8000\">T\u0119czowe Biedronki<\/span><br \/>\n<\/strong><\/span><\/h1>\n<p>[\/vc_column_text][vc_single_image image=&#8221;85&#8243; img_size=&#8221;300&#215;168&#8243; alignment=&#8221;center&#8221; onclick=&#8221;custom_link&#8221; css_animation=&#8221;zoomIn&#8221; css=&#8221;.vc_custom_1724496090399{margin-top: -30px !important;}&#8221; link=&#8221;https:\/\/przedszkole35.edu.wroclaw.pl\/index.php\/grupy\/grupa-ii-teczowe-biedronki\/&#8221;][\/vc_column][vc_column width=&#8221;1\/4&#8243;][vc_column_text css=&#8221;&#8221;]<\/p>\n<h1 style=\"text-align: center\"><span style=\"font-size: 36px\"><strong><span style=\"color: #3176af\"><span style=\"color: #1c8000\">T\u0119czowe \u017babki<\/span><br \/>\n<\/span><\/strong><\/span><\/h1>\n<p>[\/vc_column_text][vc_single_image image=&#8221;97&#8243; img_size=&#8221;300&#215;168&#8243; alignment=&#8221;center&#8221; onclick=&#8221;custom_link&#8221; css_animation=&#8221;zoomIn&#8221; css=&#8221;.vc_custom_1724498941999{margin-top: -30px !important;}&#8221; link=&#8221;https:\/\/przedszkole35.edu.wroclaw.pl\/index.php\/grupy\/grupa-iv-teczowe-zabki\/&#8221;][\/vc_column][vc_column width=&#8221;1\/4&#8243;][vc_column_text]<\/p>\n<h1 style=\"text-align: center\"><span style=\"color: #3176af;font-size: 36px\"><strong><span style=\"color: #1c8000\">T\u0119czowe S\u00f3wki<\/span><br \/>\n<\/strong><\/span><\/h1>\n<p>[\/vc_column_text][vc_single_image image=&#8221;95&#8243; img_size=&#8221;300&#215;168&#8243; alignment=&#8221;center&#8221; onclick=&#8221;custom_link&#8221; css_animation=&#8221;zoomIn&#8221; css=&#8221;.vc_custom_1638950672729{margin-top: -30px !important;}&#8221; link=&#8221;\/index.php\/grupy\/grupa-xiii-teczowe-sowki&#8221;][\/vc_column][\/vc_row][vc_row][vc_column width=&#8221;1\/4&#8243;][vc_column_text]<\/p>\n<h1 style=\"text-align: center\"><span style=\"color: #3176af;font-size: 36px\"><strong><span style=\"color: #1c8000\">T\u0119czowe Tygryski<\/span><br \/>\n<\/strong><\/span><\/h1>\n<p>[\/vc_column_text][vc_single_image image=&#8221;96&#8243; img_size=&#8221;300&#215;168&#8243; alignment=&#8221;center&#8221; onclick=&#8221;custom_link&#8221; css_animation=&#8221;zoomIn&#8221; css=&#8221;.vc_custom_1724858489638{margin-top: -30px !important;}&#8221; link=&#8221;https:\/\/przedszkole35.edu.wroclaw.pl\/index.php\/grupy\/grupa-vi-teczowe-tygryski\/&#8221;][\/vc_column][vc_column width=&#8221;1\/4&#8243;][vc_column_text css=&#8221;&#8221;]<\/p>\n<h1 style=\"text-align: center\"><span style=\"color: #3176af;font-size: 36px\"><strong><span style=\"color: #1c8000\">T\u0119czowe Liski<\/span><\/strong><\/span><\/h1>\n<p>[\/vc_column_text][vc_single_image image=&#8221;27338&#8243; img_size=&#8221;300&#215;168&#8243; alignment=&#8221;center&#8221; onclick=&#8221;custom_link&#8221; css_animation=&#8221;zoomIn&#8221; css=&#8221;.vc_custom_1756805058620{margin-top: -30px !important;}&#8221; link=&#8221;https:\/\/przedszkole35.edu.wroclaw.pl\/index.php\/grupy\/grupa-6-teczowe-liski\/&#8221;][\/vc_column][vc_column width=&#8221;1\/4&#8243;][vc_column_text]<\/p>\n<h1 style=\"text-align: center\"><span style=\"color: #3176af;font-size: 36px\"><strong><span style=\"color: #1c8000\">T\u0119czowe Pszcz\u00f3\u0142ki<\/span><br \/>\n<\/strong><\/span><\/h1>\n<p>[\/vc_column_text][vc_single_image image=&#8221;92&#8243; img_size=&#8221;300&#215;168&#8243; alignment=&#8221;center&#8221; onclick=&#8221;custom_link&#8221; css_animation=&#8221;zoomIn&#8221; css=&#8221;.vc_custom_1693662966370{margin-top: -30px !important;}&#8221; link=&#8221;https:\/\/przedszkole35.edu.wroclaw.pl\/index.php\/grupy\/grupa-viii-teczowe-pszczolki\/&#8221;][\/vc_column][vc_column width=&#8221;1\/4&#8243;][vc_column_text css=&#8221;&#8221;]<\/p>\n<h1 style=\"text-align: center\"><span style=\"font-size: 36px\"><strong><span style=\"color: #3176af\"><span style=\"color: #1c8000\">T\u0119czowe Rybki<\/span><br \/>\n<\/span><\/strong><\/span><\/h1>\n<p>[\/vc_column_text][vc_single_image image=&#8221;93&#8243; img_size=&#8221;300&#215;168&#8243; alignment=&#8221;center&#8221; onclick=&#8221;custom_link&#8221; css_animation=&#8221;zoomIn&#8221; css=&#8221;.vc_custom_1724858209607{margin-top: -30px !important;}&#8221; link=&#8221;https:\/\/przedszkole35.edu.wroclaw.pl\/index.php\/grupy\/grupa-v-teczowe-rybki\/&#8221;][\/vc_column][\/vc_row][vc_row][vc_column width=&#8221;1\/4&#8243;][vc_column_text]<\/p>\n<h1 style=\"text-align: center\"><span style=\"color: #3176af;font-size: 36px\"><strong><span style=\"color: #1c8000\">T\u0119czowe Nied\u017awiadki<\/span><br \/>\n<\/strong><\/span><\/h1>\n<p>[\/vc_column_text][vc_single_image image=&#8221;90&#8243; img_size=&#8221;300&#215;168&#8243; alignment=&#8221;center&#8221; onclick=&#8221;custom_link&#8221; css_animation=&#8221;zoomIn&#8221; css=&#8221;.vc_custom_1638950626838{margin-top: -30px !important;}&#8221; link=&#8221;\/index.php\/grupy\/grupa-x-teczowe-niedzwiadki&#8221;][\/vc_column][vc_column width=&#8221;1\/4&#8243;][vc_column_text]<\/p>\n<h1 style=\"text-align: center\"><span style=\"color: #3176af;font-size: 36px\"><strong><span style=\"color: #1c8000\">T\u0119czowe Myszki<\/span><br \/>\n<\/strong><\/span><\/h1>\n<p>[\/vc_column_text][vc_single_image image=&#8221;450&#8243; img_size=&#8221;300&#215;168&#8243; alignment=&#8221;center&#8221; onclick=&#8221;custom_link&#8221; css_animation=&#8221;zoomIn&#8221; css=&#8221;.vc_custom_1723550236415{margin-top: -30px !important;}&#8221; link=&#8221;https:\/\/przedszkole35.edu.wroclaw.pl\/index.php\/grupy\/grupa-xi-teczowe-myszki\/&#8221;][\/vc_column][vc_column width=&#8221;1\/4&#8243;][vc_column_text css=&#8221;&#8221;]<\/p>\n<h1 style=\"text-align: center\"><span style=\"color: #3176af;font-size: 36px\"><strong><span style=\"color: #1c8000\">T\u0119czowe Je\u017cyki<\/span><br \/>\n<\/strong><\/span><\/h1>\n<p>[\/vc_column_text][vc_single_image image=&#8221;17939&#8243; img_size=&#8221;150&#215;150&#8243; alignment=&#8221;center&#8221; onclick=&#8221;custom_link&#8221; css_animation=&#8221;zoomIn&#8221; css=&#8221;.vc_custom_1723551033533{margin-top: -30px !important;}&#8221; link=&#8221;https:\/\/przedszkole35.edu.wroclaw.pl\/index.php\/grupy\/grupa-xii-teczowe-jezyki\/&#8221;][\/vc_column][vc_column width=&#8221;1\/4&#8243;][\/vc_column][\/vc_row]<\/p>\n<\/div>","protected":false},"excerpt":{"rendered":"<p>[vc_row css=&#8221;.vc_custom_1606824277286{margin-top: -60px !important;}&#8221;][vc_column width=&#8221;1\/4&#8243;][vc_column_text css=&#8221;&#8221;] T\u0119czowe Misie [\/vc_column_text][vc_single_image image=&#8221;88&#8243; img_size=&#8221;300&#215;168&#8243; alignment=&#8221;center&#8221; onclick=&#8221;custom_link&#8221; css_animation=&#8221;zoomIn&#8221; css=&#8221;.vc_custom_1724495277843{margin-top: -30px !important;}&#8221; link=&#8221;https:\/\/przedszkole35.edu.wroclaw.pl\/index.php\/grupy\/grupa-i-teczowe-misie\/&#8221;][\/vc_column][vc_column width=&#8221;1\/4&#8243;][vc_column_text css=&#8221;&#8221;] T\u0119czowe Biedronki [\/vc_column_text][vc_single_image image=&#8221;85&#8243; img_size=&#8221;300&#215;168&#8243; alignment=&#8221;center&#8221; onclick=&#8221;custom_link&#8221; css_animation=&#8221;zoomIn&#8221; css=&#8221;.vc_custom_1724496090399{margin-top: -30px [&hellip;]<\/p>\n","protected":false},"author":7,"featured_media":0,"parent":0,"menu_order":0,"comment_status":"closed","ping_status":"closed","template":"","meta":{"footnotes":""},"class_list":["post-82","page","type-page","status-publish","hentry","clearfix"],"_links":{"self":[{"href":"https:\/\/przedszkole35.edu.wroclaw.pl\/index.php\/wp-json\/wp\/v2\/pages\/82","targetHints":{"allow":["GET"]}}],"collection":[{"href":"https:\/\/przedszkole35.edu.wroclaw.pl\/index.php\/wp-json\/wp\/v2\/pages"}],"about":[{"href":"https:\/\/przedszkole35.edu.wroclaw.pl\/index.php\/wp-json\/wp\/v2\/types\/page"}],"author":[{"embeddable":true,"href":"https:\/\/przedszkole35.edu.wroclaw.pl\/index.php\/wp-json\/wp\/v2\/users\/7"}],"replies":[{"embeddable":true,"href":"https:\/\/przedszkole35.edu.wroclaw.pl\/index.php\/wp-json\/wp\/v2\/comments?post=82"}],"version-history":[{"count":74,"href":"https:\/\/przedszkole35.edu.wroclaw.pl\/index.php\/wp-json\/wp\/v2\/pages\/82\/revisions"}],"predecessor-version":[{"id":28343,"href":"https:\/\/przedszkole35.edu.wroclaw.pl\/index.php\/wp-json\/wp\/v2\/pages\/82\/revisions\/28343"}],"wp:attachment":[{"href":"https:\/\/przedszkole35.edu.wroclaw.pl\/index.php\/wp-json\/wp\/v2\/media?parent=82"}],"curies":[{"name":"wp","href":"https:\/\/api.w.org\/{rel}","templated":true}]}}